{"id":151723,"date":"2026-01-23T10:22:00","date_gmt":"2026-01-23T13:22:00","guid":{"rendered":"https:\/\/highline.com.br\/?page_id=151723"},"modified":"2026-02-09T18:01:23","modified_gmt":"2026-02-09T21:01:23","slug":"duvidas-ou-reclamacoes","status":"publish","type":"page","link":"https:\/\/highline.com.br\/en\/duvidas-ou-reclamacoes\/","title":{"rendered":"D\u00favidas ou Reclama\u00e7\u00f5es"},"content":{"rendered":"<div class=\"wpb-content-wrapper\"><div data-parent=\"true\" class=\"vc_row has-bg need-focus style-3C3C3B-bg row-container\" id=\"row-unique-0\"><div class=\"row-background background-element\" style=\"opacity: 1;\">\n\t\t\t\t\t\t\t\t\t\t\t<div class=\"background-wrapper\">\n\t\t\t\t\t\t\t\t\t\t\t\t<div class=\"background-inner\"><\/div>\n\t\t\t\t\t\t\t\t\t\t\t\t<div class=\"block-bg-overlay style-color-wayh-bg\" style=\"opacity: 0.35;\"><\/div>\n\t\t\t\t\t\t\t\t\t\t\t<\/div>\n\t\t\t\t\t\t\t\t\t\t<\/div><div class=\"row one-top-padding one-bottom-padding single-h-padding limit-width row-parent\" data-height-ratio=\"28\"><div class=\"wpb_row row-inner\"><div class=\"wpb_column pos-middle pos-center align_center column_parent col-lg-12 one-internal-gutter\"><div class=\"uncol style-spec style-dark\"  ><div class=\"uncoltable\"><div class=\"uncell\" ><div class=\"uncont no-block-padding col-custom-width\" style=\" max-width:1104px;\" ><div class=\"empty-space empty-single\" ><span class=\"empty-space-inner\"><\/span><\/div>\n<div class=\"vc_custom_heading_wrap\"><div class=\"heading-text el-text\" ><h1 class=\"fontsize-155944\" ><span>D\u00favidas ou Reclama\u00e7\u00f5es<\/span><\/h1><\/div><div class=\"clear\"><\/div><\/div><\/div><\/div><\/div><\/div><\/div><script id=\"script-row-unique-0\" data-row=\"script-row-unique-0\" type=\"text\/javascript\" class=\"vc_controls\">UNCODE.initRow(document.getElementById(\"row-unique-0\"));<\/script><\/div><\/div><\/div><div data-parent=\"true\" class=\"vc_row has-bg need-focus style-accent-bg row-container onepage-section\" data-label=\"codigo\" data-name=\"codigo\" id=\"row-unique-1\"><div class=\"row triple-top-padding no-bottom-padding single-h-padding full-width row-parent\"><div class=\"wpb_row shift_y_neg_quad row-inner\"><div class=\"wpb_column pos-top pos-center align_left align_center_mobile column_parent col-lg-12 double-internal-gutter\"><div class=\"uncol style-light font-165032\"  ><div class=\"uncoltable\"><div class=\"uncell\" ><div class=\"uncont no-block-padding col-custom-width\" style=\" max-width:804px;\" ><div class=\"vc_row style-color-xsdn-bg row-internal row-container\"><div class=\"row row-child\"><div class=\"wpb_row row-inner\"><div class=\"wpb_column pos-top pos-center align_left column_child col-lg-12 single-internal-gutter\"><div class=\"uncol style-light\" ><div class=\"uncoltable\"><div class=\"uncell triple-block-padding\" ><div class=\"uncont\" ><div class=\"vc_custom_heading_wrap\"><div class=\"heading-text el-text\" ><h5 class=\"h4\" ><span>Fill in the details below and contact Highline:<\/span><\/h5><\/div><div class=\"clear\"><\/div><\/div><div class=\"vc_custom_heading_wrap\"><div class=\"heading-text el-text\" ><\/p>\n<h4><strong>Se preferir, entre em contato conosco pelos canais:<\/strong><\/h4>\n<h5>Telefone: 11 3192-5200<br \/>\nE-mail: <a href=\"\/en\/faleconosco@highline.com.br\/\">faleconosco@highline.com.br <\/a><br \/>\nCanal de \u00c9tica: <a href=\"http:\/\/contatoseguro.com.br\/highline\">contatoseguro.com.br\/highline <\/a>(exclusivo para relatos e den\u00fancias relacionadas \u00e0 \u00e9tica e compliance)<\/h5>\n<p>\n<\/div><div class=\"clear\"><\/div><\/div><\/div><\/div><\/div><\/div><\/div><\/div><\/div><\/div><div class=\"empty-space empty-double\" ><span class=\"empty-space-inner\"><\/span><\/div>\n<div class=\"empty-space empty-double\" ><span class=\"empty-space-inner\"><\/span><\/div>\n<\/div><\/div><\/div><\/div><\/div><script id=\"script-row-unique-1\" data-row=\"script-row-unique-1\" type=\"text\/javascript\" class=\"vc_controls\">UNCODE.initRow(document.getElementById(\"row-unique-1\"));<\/script><\/div><\/div><\/div><div data-parent=\"true\" class=\"vc_row has-bg need-focus style-color-xsdn-bg row-container onepage-section\" data-label=\"imprensa\" data-name=\"imprensa\" id=\"row-unique-2\"><div class=\"row triple-top-padding no-bottom-padding single-h-padding full-width row-parent\"><div class=\"wpb_row shift_y_neg_quad row-inner\"><div class=\"wpb_column pos-top pos-center align_left align_center_mobile column_parent col-lg-12 double-internal-gutter\"><div class=\"uncol style-light font-165032\"  ><div class=\"uncoltable\"><div class=\"uncell\" ><div class=\"uncont no-block-padding col-custom-width\" style=\" max-width:804px;\" ><div class=\"vc_row row-internal row-container\"><div class=\"row row-child\"><div class=\"wpb_row row-inner\"><div class=\"wpb_column pos-top pos-center align_left column_child col-lg-12 single-internal-gutter\"><div class=\"uncol style-light\" ><div class=\"uncoltable\"><div class=\"uncell triple-block-padding\" ><div class=\"uncont\" ><div class=\"vc_custom_heading_wrap\"><div class=\"heading-text el-text\" ><h1 class=\"fontsize-155944\" ><span>Press office:<\/span><\/h1><\/div><div class=\"clear\"><\/div><\/div><div class=\"vc_custom_heading_wrap\"><div class=\"heading-text el-text\" ><h3 class=\"h4 fontheight-357766 font-weight-300\" ><span><strong>Ink Agency<\/strong><br \/><\/span><span>highline@inkcomunicacao.com.br<\/span><\/h3><\/div><div class=\"clear\"><\/div><\/div><\/div><\/div><\/div><\/div><\/div><\/div><\/div><\/div><div class=\"empty-space empty-double\" ><span class=\"empty-space-inner\"><\/span><\/div>\n<div class=\"empty-space empty-double\" ><span class=\"empty-space-inner\"><\/span><\/div>\n<\/div><\/div><\/div><\/div><\/div><script id=\"script-row-unique-2\" data-row=\"script-row-unique-2\" type=\"text\/javascript\" class=\"vc_controls\">UNCODE.initRow(document.getElementById(\"row-unique-2\"));<\/script><\/div><\/div><\/div>\n<\/div>","protected":false},"excerpt":{"rendered":"D\u00favidas ou Reclama\u00e7\u00f5esPreencha os dados abaixo e entre em contato com a Highline:Se preferir, entre em contato conosco pelos canais: [...]","protected":false},"author":6,"featured_media":0,"parent":0,"menu_order":0,"comment_status":"closed","ping_status":"closed","template":"","meta":{"footnotes":""},"class_list":["post-151723","page","type-page","status-publish","hentry"],"_links":{"self":[{"href":"https:\/\/highline.com.br\/en\/wp-json\/wp\/v2\/pages\/151723","targetHints":{"allow":["GET"]}}],"collection":[{"href":"https:\/\/highline.com.br\/en\/wp-json\/wp\/v2\/pages"}],"about":[{"href":"https:\/\/highline.com.br\/en\/wp-json\/wp\/v2\/types\/page"}],"author":[{"embeddable":true,"href":"https:\/\/highline.com.br\/en\/wp-json\/wp\/v2\/users\/6"}],"replies":[{"embeddable":true,"href":"https:\/\/highline.com.br\/en\/wp-json\/wp\/v2\/comments?post=151723"}],"version-history":[{"count":5,"href":"https:\/\/highline.com.br\/en\/wp-json\/wp\/v2\/pages\/151723\/revisions"}],"predecessor-version":[{"id":152160,"href":"https:\/\/highline.com.br\/en\/wp-json\/wp\/v2\/pages\/151723\/revisions\/152160"}],"wp:attachment":[{"href":"https:\/\/highline.com.br\/en\/wp-json\/wp\/v2\/media?parent=151723"}],"curies":[{"name":"wp","href":"https:\/\/api.w.org\/{rel}","templated":true}]}}