{"id":88580,"date":"2021-03-18T14:13:41","date_gmt":"2021-03-18T17:13:41","guid":{"rendered":"https:\/\/undsgn.com\/uncode\/?page_id=88580"},"modified":"2026-01-16T10:59:32","modified_gmt":"2026-01-16T13:59:32","slug":"esg","status":"publish","type":"page","link":"https:\/\/highline.com.br\/en\/esg\/","title":{"rendered":"ESG, C\u00f3digo de \u00c9tica, Conduta e Anticorrup\u00e7\u00e3o"},"content":{"rendered":"<div class=\"wpb-content-wrapper\"><div data-parent=\"true\" class=\"vc_row has-bg need-focus style-color-uydo-bg vc_custom_1671594317587 row-container onepage-section\" data-label=\"codigo\" data-name=\"codigo\" style=\"padding-top: -20% ;\" id=\"row-unique-0\"><div class=\"row triple-top-padding double-bottom-padding single-h-padding full-width row-parent\"><div class=\"wpb_row row-inner\"><div class=\"wpb_column pos-top pos-center align_left align_center_mobile column_parent col-lg-12 double-internal-gutter\"><div class=\"uncol style-light font-165032\"  ><div class=\"uncoltable\"><div class=\"uncell\" ><div class=\"uncont no-block-padding col-custom-width\" style=\" max-width:804px;\" ><div class=\"vc_row row-internal row-container\" style=\"z-index: 7;\"><div class=\"row unequal col-no-gutter row-child\"><div class=\"wpb_row row-inner\"><div class=\"wpb_column pos-middle pos-center align_left column_child col-lg-12 single-internal-gutter\"><div class=\"uncol style-light\" ><div class=\"uncoltable\" style=\"min-height: 340px;\"><div class=\"uncell no-block-padding\" ><div class=\"uncont\" ><div class=\"vc_custom_heading_wrap demo-heading\"><div class=\"heading-text el-text\" ><h3 class=\"h3 font-weight-500\" ><span><\/p><\/span><span><h3 style=\"text-align: center;\">At Highline, ethics and safety in the workplace are fundamental principles, which must be constantly and effectively applied by all employees and partners in our business.<\/h3><\/span><span><p><\/span><\/h3><\/div><div class=\"clear\"><\/div><\/div><\/div><\/div><\/div><\/div><\/div><\/div><\/div><\/div><div class=\"vc_row row-internal row-container\" style=\"z-index: 7;\" id=\"codigo-anticorrupcao\"><div class=\"row unequal col-no-gutter row-child\"><div class=\"wpb_row row-inner\"><div class=\"wpb_column pos-top pos-center align_left column_child col-lg-4 single-internal-gutter\"><div class=\"uncol style-light\" ><div class=\"uncoltable\" style=\"min-height: 340px;\"><div class=\"uncell  vc_custom_1675453971215 border-3C3C3B-color single-block-padding style-color-xsdn-bg\" style=\"border-style: solid;border-right-width: 1px ;\" ><div class=\"uncont\" ><div class=\"vc_custom_heading_wrap demo-heading\"><div class=\"heading-text el-text\" ><h3 class=\"h3 fontheight-357766 fontspace-781688 translation-block\" >Code of ethics <br>\nand Conduct<\/h3><\/div><div class=\"clear\"><\/div><\/div><span class=\"btn-container\" ><a role=\"button\"  href=\"http:\/\/highline.com.br\/wp-content\/uploads\/2022\/11\/highline-code_conduct.pdf\" class=\"custom-link btn border-width-0 btn-default btn-circle btn-icon-left\" target=\"_blank\">Download Document<\/a><\/span><div class=\"empty-space empty-double\" ><span class=\"empty-space-inner\"><\/span><\/div>\n<\/div><\/div><\/div><\/div><\/div><div class=\"wpb_column pos-top pos-center align_left column_child col-lg-4 single-internal-gutter\"><div class=\"uncol style-light\" ><div class=\"uncoltable\"><div class=\"uncell  vc_custom_1675454020380 border-color-jevc-color single-block-padding style-color-xsdn-bg\" style=\"border-style: solid;border-right-width: 1px ;\" ><div class=\"uncont\" ><div class=\"vc_custom_heading_wrap demo-heading\"><div class=\"heading-text el-text\" ><h3 class=\"h3 fontheight-357766 fontspace-781688\" ><span>Pol\u00edtica<br \/><\/span><span>Anti-corruption<\/span><\/h3><\/div><div class=\"clear\"><\/div><\/div><span class=\"btn-container\" ><a role=\"button\"  href=\"https:\/\/highline.com.br\/wp-content\/uploads\/2026\/01\/PL-JUR-01-Politica_Anticorrupcao.pdf\" class=\"custom-link btn border-width-0 btn-default btn-circle btn-icon-left\" target=\"_blank\">Download Document<\/a><\/span><div class=\"empty-space empty-double\" ><span class=\"empty-space-inner\"><\/span><\/div>\n<\/div><\/div><\/div><\/div><\/div><div class=\"wpb_column pos-top pos-center align_left column_child col-lg-4 single-internal-gutter\"><div class=\"uncol style-light\" ><div class=\"uncoltable\"><div class=\"uncell single-block-padding style-color-xsdn-bg\" ><div class=\"uncont\" ><div class=\"vc_custom_heading_wrap demo-heading\"><div class=\"heading-text el-text\" ><h3 class=\"h3 fontheight-357766 fontspace-781688 translation-block\" >Channel <br>\nof Ethics<\/h3><\/div><div class=\"clear\"><\/div><\/div><span class=\"btn-container\" ><a role=\"button\"  href=\"https:\/\/www.contatoseguro.com.br\/highline\" class=\"custom-link btn border-width-0 btn-default btn-circle btn-icon-left\" target=\"_blank\">Access Channel<\/a><\/span><div class=\"empty-space empty-double\" ><span class=\"empty-space-inner\"><\/span><\/div>\n<\/div><\/div><\/div><\/div><\/div><\/div><\/div><\/div><div class=\"empty-space empty-double\" ><span class=\"empty-space-inner\"><\/span><\/div>\n<div class=\"empty-space empty-double\" ><span class=\"empty-space-inner\"><\/span><\/div>\n<\/div><\/div><\/div><\/div><\/div><script id=\"script-row-unique-0\" data-row=\"script-row-unique-0\" type=\"text\/javascript\" class=\"vc_controls\">UNCODE.initRow(document.getElementById(\"row-unique-0\"));<\/script><\/div><\/div><\/div><div data-parent=\"true\" class=\"vc_row has-bg need-focus style-accent-bg row-container desktop-hidden tablet-hidden mobile-hidden\" id=\"row-unique-1\"><div class=\"row col-double-gutter quad-top-padding quad-bottom-padding no-h-padding full-width row-parent\"><div class=\"wpb_row row-inner\"><div class=\"wpb_column pos-top pos-center align_center column_parent col-lg-3 col-md-25 double-internal-gutter\"><div class=\"uncol style-spec style-dark\"  ><div class=\"uncoltable\"><div class=\"uncell no-block-padding\" ><div class=\"uncont\" ><div class=\"uncode-single-media  text-left\"><div class=\"single-wrapper\" style=\"max-width: 100%;\"><div class=\"tmb tmb-light  tmb-img-ratio tmb-media-first tmb-media-last tmb-content-overlay tmb-no-bg\"><div class=\"t-inside\"><div class=\"t-entry-visual\"><div class=\"t-entry-visual-tc\"><div class=\"uncode-single-media-wrapper\"><div class=\"dummy\" style=\"padding-top: 133.3%;\"><\/div><img fetchpriority=\"high\" decoding=\"async\" class=\"wp-image-111409\" src=\"https:\/\/highline.com.br\/wp-content\/uploads\/2022\/12\/RSP-SDE-001_1-uai-720x960.jpeg\" width=\"720\" height=\"960\" alt=\"\"><\/div>\n\t\t\t\t\t<\/div>\n\t\t\t\t<\/div><\/div><\/div><\/div><\/div><\/div><\/div><\/div><\/div><\/div><div class=\"wpb_column pos-middle pos-center align_center column_parent col-lg-6 col-md-50 half-internal-gutter\"><div class=\"uncol style-spec style-dark\"  ><div class=\"uncoltable\"><div class=\"uncell no-block-padding\" ><div class=\"uncont\" style=\" max-width:696px;\" ><div class=\"vc_custom_heading_wrap demo-heading\"><div class=\"heading-text el-text\" ><h3 class=\"h2 fontheight-357766 fontspace-781688\" ><span>Ethics Channel<\/span><\/h3><\/div><div class=\"clear\"><\/div><\/div><div class=\"vc_custom_heading_wrap\"><div class=\"heading-text el-text\" ><h4 class=\"fontsize-155944 font-weight-500\" ><span>Acesse nosso Canal de \u00c9tica<\/span><\/h4><\/div><div class=\"clear\"><\/div><\/div><div class=\"empty-space empty-single\" ><span class=\"empty-space-inner\"><\/span><\/div>\n<span class=\"btn-container\" ><a role=\"button\"  href=\"https:\/\/www.contatoseguro.com.br\/highline\" class=\"custom-link btn btn-custom-typo font-594876 font-weight-600 text-initial no-letterspace border-width-0 btn-default btn-circle btn-icon-left\" target=\"_blank\">Canal de \u00c9tica Highline<\/a><\/span><\/div><\/div><\/div><\/div><\/div><div class=\"wpb_column pos-top pos-center align_left column_parent col-lg-3 col-md-25 single-internal-gutter\"><div class=\"uncol style-light\"  ><div class=\"uncoltable\"><div class=\"uncell no-block-padding\" ><div class=\"uncont\" ><div class=\"uncode-single-media  text-left\"><div class=\"single-wrapper\" style=\"max-width: 100%;\"><div class=\"tmb tmb-light  tmb-img-ratio tmb-media-first tmb-media-last tmb-content-overlay tmb-no-bg\"><div class=\"t-inside\"><div class=\"t-entry-visual\"><div class=\"t-entry-visual-tc\"><div class=\"uncode-single-media-wrapper\"><div class=\"dummy\" style=\"padding-top: 133.3%;\"><\/div><img decoding=\"async\" class=\"wp-image-111410\" src=\"https:\/\/highline.com.br\/wp-content\/uploads\/2022\/12\/POA_1-uai-762x1016.jpg\" width=\"762\" height=\"1016\" alt=\"\"><\/div>\n\t\t\t\t\t<\/div>\n\t\t\t\t<\/div><\/div><\/div><\/div><\/div><\/div><\/div><\/div><\/div><\/div><script id=\"script-row-unique-1\" data-row=\"script-row-unique-1\" type=\"text\/javascript\" class=\"vc_controls\">UNCODE.initRow(document.getElementById(\"row-unique-1\"));<\/script><\/div><\/div><\/div><div data-parent=\"true\" class=\"vc_row has-bg need-focus style-accent-bg row-container\" id=\"row-unique-2\"><div class=\"row col-double-gutter quad-top-padding quad-bottom-padding no-h-padding full-width row-parent\"><div class=\"wpb_row row-inner\"><div class=\"wpb_column pos-top pos-center align_center column_parent col-lg-3 col-md-25 double-internal-gutter\"><div class=\"uncol style-spec style-dark\"  ><div class=\"uncoltable\"><div class=\"uncell no-block-padding\" ><div class=\"uncont\" ><div class=\"uncode-single-media  text-left\"><div class=\"single-wrapper\" style=\"max-width: 100%;\"><div class=\"tmb tmb-light  tmb-img-ratio tmb-media-first tmb-media-last tmb-content-overlay tmb-no-bg\"><div class=\"t-inside\"><div class=\"t-entry-visual\"><div class=\"t-entry-visual-tc\"><div class=\"uncode-single-media-wrapper\"><div class=\"dummy\" style=\"padding-top: 133.3%;\"><\/div><img decoding=\"async\" class=\"wp-image-111906\" src=\"https:\/\/highline.com.br\/wp-content\/uploads\/2023\/03\/highline-site-esg-1-uai-762x1016.png\" width=\"762\" height=\"1016\" alt=\"\"><\/div>\n\t\t\t\t\t<\/div>\n\t\t\t\t<\/div><\/div><\/div><\/div><\/div><\/div><\/div><\/div><\/div><\/div><div class=\"wpb_column pos-middle pos-center align_center column_parent col-lg-6 col-md-50 half-internal-gutter\"><div class=\"uncol style-spec style-dark\"  ><div class=\"uncoltable\"><div class=\"uncell no-block-padding\" ><div class=\"uncont\" style=\" max-width:696px;\" ><div class=\"vc_custom_heading_wrap\"><div class=\"heading-text el-text\" ><h4 class=\"fontsize-155944 font-weight-500\" ><span>ESG Stocks<\/span><\/h4><\/div><div class=\"clear\"><\/div><\/div><\/div><\/div><\/div><\/div><\/div><div class=\"wpb_column pos-top pos-center align_left column_parent col-lg-3 col-md-25 single-internal-gutter\"><div class=\"uncol style-light\"  ><div class=\"uncoltable\"><div class=\"uncell no-block-padding\" ><div class=\"uncont\" ><div class=\"uncode-single-media  text-left\"><div class=\"single-wrapper\" style=\"max-width: 100%;\"><div class=\"tmb tmb-light  tmb-img-ratio tmb-media-first tmb-media-last tmb-content-overlay tmb-no-bg\"><div class=\"t-inside\"><div class=\"t-entry-visual\"><div class=\"t-entry-visual-tc\"><div class=\"uncode-single-media-wrapper\"><div class=\"dummy\" style=\"padding-top: 133.3%;\"><\/div><img loading=\"lazy\" decoding=\"async\" class=\"wp-image-111907\" src=\"https:\/\/highline.com.br\/wp-content\/uploads\/2023\/03\/highline-site-esg-2-uai-762x1016.png\" width=\"762\" height=\"1016\" alt=\"\"><\/div>\n\t\t\t\t\t<\/div>\n\t\t\t\t<\/div><\/div><\/div><\/div><\/div><\/div><\/div><\/div><\/div><\/div><script id=\"script-row-unique-2\" data-row=\"script-row-unique-2\" type=\"text\/javascript\" class=\"vc_controls\">UNCODE.initRow(document.getElementById(\"row-unique-2\"));<\/script><\/div><\/div><\/div>\n<\/div>","protected":false},"excerpt":{"rendered":"Na Highline, a \u00e9tica e a seguran\u00e7a no ambiente de trabalho s\u00e3o princ\u00edpios fundamentais, que devem ser constantemente e efetivamente [...]","protected":false},"author":1,"featured_media":0,"parent":0,"menu_order":0,"comment_status":"closed","ping_status":"closed","template":"","meta":{"footnotes":""},"class_list":["post-88580","page","type-page","status-publish","hentry"],"_links":{"self":[{"href":"https:\/\/highline.com.br\/en\/wp-json\/wp\/v2\/pages\/88580","targetHints":{"allow":["GET"]}}],"collection":[{"href":"https:\/\/highline.com.br\/en\/wp-json\/wp\/v2\/pages"}],"about":[{"href":"https:\/\/highline.com.br\/en\/wp-json\/wp\/v2\/types\/page"}],"author":[{"embeddable":true,"href":"https:\/\/highline.com.br\/en\/wp-json\/wp\/v2\/users\/1"}],"replies":[{"embeddable":true,"href":"https:\/\/highline.com.br\/en\/wp-json\/wp\/v2\/comments?post=88580"}],"version-history":[{"count":85,"href":"https:\/\/highline.com.br\/en\/wp-json\/wp\/v2\/pages\/88580\/revisions"}],"predecessor-version":[{"id":151555,"href":"https:\/\/highline.com.br\/en\/wp-json\/wp\/v2\/pages\/88580\/revisions\/151555"}],"wp:attachment":[{"href":"https:\/\/highline.com.br\/en\/wp-json\/wp\/v2\/media?parent=88580"}],"curies":[{"name":"wp","href":"https:\/\/api.w.org\/{rel}","templated":true}]}}