{"id":112057,"date":"2023-07-06T18:36:30","date_gmt":"2023-07-06T21:36:30","guid":{"rendered":"http:\/\/highline.com.br\/?page_id=112057"},"modified":"2026-02-06T11:55:55","modified_gmt":"2026-02-06T14:55:55","slug":"alugue-seu-terreno","status":"publish","type":"page","link":"https:\/\/highline.com.br\/es\/alugue-seu-terreno\/","title":{"rendered":"Alquila tu Terreno"},"content":{"rendered":"<div class=\"wpb-content-wrapper\"><div data-parent=\"true\" class=\"vc_row has-bg need-focus style-3C3C3B-bg row-container\" id=\"row-unique-0\"><div class=\"row-background background-element\" style=\"opacity: 1;\">\n\t\t\t\t\t\t\t\t\t\t\t<div class=\"background-wrapper\">\n\t\t\t\t\t\t\t\t\t\t\t\t<div class=\"background-inner\"><\/div>\n\t\t\t\t\t\t\t\t\t\t\t\t<div class=\"block-bg-overlay style-color-wayh-bg\" style=\"opacity: 0.35;\"><\/div>\n\t\t\t\t\t\t\t\t\t\t\t<\/div>\n\t\t\t\t\t\t\t\t\t\t<\/div><div class=\"row one-top-padding one-bottom-padding single-h-padding limit-width row-parent\" data-height-ratio=\"28\"><div class=\"wpb_row row-inner\"><div class=\"wpb_column pos-middle pos-center align_center column_parent col-lg-12 one-internal-gutter\"><div class=\"uncol style-spec style-dark\"  ><div class=\"uncoltable\"><div class=\"uncell no-block-padding\" ><div class=\"uncont\" ><div class=\"empty-space empty-single\" ><span class=\"empty-space-inner\"><\/span><\/div>\n<div class=\"vc_custom_heading_wrap\"><div class=\"heading-text el-text\" ><h1 class=\"fontsize-155944\" ><span>Alquila tu terreno<\/span><\/h1><\/div><div class=\"clear\"><\/div><\/div><\/div><\/div><\/div><\/div><\/div><script id=\"script-row-unique-0\" data-row=\"script-row-unique-0\" type=\"text\/javascript\" class=\"vc_controls\">UNCODE.initRow(document.getElementById(\"row-unique-0\"));<\/script><\/div><\/div><\/div><div data-parent=\"true\" class=\"vc_row has-bg need-focus style-accent-bg row-container onepage-section\" data-label=\"codigo\" data-name=\"codigo\" id=\"row-unique-1\"><div class=\"row triple-top-padding no-bottom-padding single-h-padding full-width row-parent\"><div class=\"wpb_row shift_y_neg_quad row-inner\"><div class=\"wpb_column pos-top pos-center align_left align_center_mobile column_parent col-lg-12 double-internal-gutter\"><div class=\"uncol style-light\"  ><div class=\"uncoltable\"><div class=\"uncell\" ><div class=\"uncont no-block-padding col-custom-width\" style=\" max-width:70%;\" ><div class=\"vc_row style-color-xsdn-bg row-internal row-container\"><div class=\"row row-child\" data-height=\"100\"><div class=\"wpb_row row-inner row-inner-force\"><div class=\"wpb_column pos-top pos-center align_left column_child col-lg-6 single-internal-gutter\"><div class=\"uncol style-light\" ><div class=\"uncoltable\"><div class=\"uncell double-block-padding\" ><div class=\"uncont\" ><div class=\"vc_custom_heading_wrap\"><div class=\"heading-text el-text\" ><\/p>\n<h3 class=\"translation-block\">Aumenta tus ingresos<strong> alquilando tu terreno<\/strong><\/h3>\n<p>Investir em loca\u00e7\u00e3o de im\u00f3veis sempre foi uma op\u00e7\u00e3o considerada rent\u00e1vel, segura e tradicional \u2013 e o segmento de Telecomunica\u00e7\u00f5es est\u00e1 em constante expans\u00e3o.<\/p>\n<p>Se voc\u00ea possui um terreno e gostaria de negoci\u00e1-lo, temos interesse em fazer uma parceria com voc\u00ea.<\/p>\n<p>Quer saber mais? Preencha o formul\u00e1rio ao lado:<\/p>\n<\/div><div class=\"clear\"><\/div><\/div><\/div><\/div><\/div><\/div><\/div><div class=\"wpb_column pos-top pos-center align_left column_child col-lg-8 single-internal-gutter\"><div class=\"uncol style-light\" ><div class=\"uncoltable\"><div class=\"uncell  vc_custom_1770389103014 no-block-padding\" style=\"padding-top: 50px ;\" ><div class=\"uncont\" >\n<div class=\"wpcf7 no-js\" id=\"wpcf7-f112055-o1\" lang=\"en-US\" dir=\"ltr\" data-wpcf7-id=\"112055\">\n<div class=\"screen-reader-response\"><p role=\"status\" aria-live=\"polite\" aria-atomic=\"true\"><\/p> <ul><\/ul><\/div>\n<form action=\"\/es\/wp-json\/wp\/v2\/pages\/112057#wpcf7-f112055-o1\" method=\"post\" class=\"wpcf7-form init\" aria-label=\"Contact form\" novalidate=\"novalidate\" data-status=\"init\" data-trp-original-action=\"\/es\/wp-json\/wp\/v2\/pages\/112057#wpcf7-f112055-o1\">\n<fieldset class=\"hidden-fields-container\"><input type=\"hidden\" name=\"_wpcf7\" value=\"112055\" \/><input type=\"hidden\" name=\"_wpcf7_version\" value=\"6.1.5\" \/><input type=\"hidden\" name=\"_wpcf7_locale\" value=\"en_US\" \/><input type=\"hidden\" name=\"_wpcf7_unit_tag\" value=\"wpcf7-f112055-o1\" \/><input type=\"hidden\" name=\"_wpcf7_container_post\" value=\"0\" \/><input type=\"hidden\" name=\"_wpcf7_posted_data_hash\" value=\"\" \/><input type=\"hidden\" name=\"_wpcf7cf_hidden_group_fields\" value=\"[]\" \/><input type=\"hidden\" name=\"_wpcf7cf_hidden_groups\" value=\"[]\" \/><input type=\"hidden\" name=\"_wpcf7cf_visible_groups\" value=\"[]\" \/><input type=\"hidden\" name=\"_wpcf7cf_repeaters\" value=\"[]\" \/><input type=\"hidden\" name=\"_wpcf7cf_steps\" value=\"{}\" \/><input type=\"hidden\" name=\"_wpcf7cf_options\" value=\"{&quot;form_id&quot;:112055,&quot;conditions&quot;:[],&quot;settings&quot;:{&quot;animation&quot;:&quot;yes&quot;,&quot;animation_intime&quot;:200,&quot;animation_outtime&quot;:200,&quot;conditions_ui&quot;:&quot;normal&quot;,&quot;notice_dismissed&quot;:false,&quot;notice_dismissed_rollback-cf7-5.9.7&quot;:true}}\" \/><input type=\"hidden\" name=\"_wpcf7_recaptcha_response\" value=\"\" \/>\n<\/fieldset>\n<div>\n\t<p><span class=\"wpcf7-form-control-wrap\" data-name=\"radio-258-tipo-Locador\"><span class=\"wpcf7-form-control wpcf7-radio\"><span class=\"wpcf7-list-item first\"><label><input type=\"radio\" name=\"radio-258-tipo-Locador\" value=\"J\u00e1 sou locat\u00e1rio\" checked=\"checked\" \/><span class=\"wpcf7-list-item-label\">J\u00e1 sou locat\u00e1rio<\/span><\/label><\/span><span class=\"wpcf7-list-item last\"><label><input type=\"radio\" name=\"radio-258-tipo-Locador\" value=\"Quero alugar\" \/><span class=\"wpcf7-list-item-label\">Quero alugar<\/span><\/label><\/span><\/span><\/span>\n\t<\/p>\n<\/div>\n<p><label> Nombre completo:<br \/>\n<span class=\"wpcf7-form-control-wrap\" data-name=\"loc-nome-terreno\"><input size=\"40\" maxlength=\"400\" class=\"wpcf7-form-control wpcf7-text wpcf7-validates-as-required\" autocomplete=\"name\" aria-required=\"true\" aria-invalid=\"false\" placeholder=\"Nombre y Apellido\" value=\"\" type=\"text\" name=\"loc-nome-terreno\" \/><\/span> <\/label>\n<\/p>\n<div class=\"content-column one_half\">\n\t<p><label>Correo electr\u00f3nico:<br \/>\n<span class=\"wpcf7-form-control-wrap\" data-name=\"loc-email-92-terreno\"><input size=\"40\" maxlength=\"400\" class=\"wpcf7-form-control wpcf7-email wpcf7-validates-as-required wpcf7-text wpcf7-validates-as-email\" aria-required=\"true\" aria-invalid=\"false\" placeholder=\"Escribe tu correo electr\u00f3nico\" value=\"\" type=\"email\" name=\"loc-email-92-terreno\" \/><\/span> <\/label>\n\t<\/p>\n<\/div>\n<div class=\"content-column one_half last_column\">\n\t<p><label> Whatsapp\/Telefone:<br \/>\n<span class=\"wpcf7-form-control-wrap\" data-name=\"loc-tel-terreno\"><input size=\"40\" maxlength=\"400\" class=\"wpcf7-form-control wpcf7-tel wpcf7-validates-as-required wpcf7-text wpcf7-validates-as-tel\" aria-required=\"true\" aria-invalid=\"false\" placeholder=\"DDD 99999-9999\" value=\"\" type=\"tel\" name=\"loc-tel-terreno\" \/><\/span> <\/label>\n\t<\/p>\n<\/div>\n<p><label> Direcci\u00f3n del Terreno:<br \/>\n<span class=\"wpcf7-form-control-wrap\" data-name=\"loc-endereco-terreno\"><input size=\"40\" maxlength=\"400\" class=\"wpcf7-form-control wpcf7-text wpcf7-validates-as-required\" aria-required=\"true\" aria-invalid=\"false\" placeholder=\"Direcci\u00f3n completa del terreno\" value=\"\" type=\"text\" name=\"loc-endereco-terreno\" \/><\/span> <\/label>\n<\/p>\n<div class=\"content-column one_half\">\n\t<p><label> Munic\u00edpio:<br \/>\n<span class=\"wpcf7-form-control-wrap\" data-name=\"loc-municipio-terreno\"><input size=\"40\" maxlength=\"400\" class=\"wpcf7-form-control wpcf7-text wpcf7-validates-as-required\" aria-required=\"true\" aria-invalid=\"false\" placeholder=\"Ej: S\u00e3o Paulo\" value=\"\" type=\"text\" name=\"loc-municipio-terreno\" \/><\/span> <\/label>\n\t<\/p>\n<\/div>\n<div class=\"content-column one_half last_column\">\n\t<p><label> Condado:<br \/>\n<span class=\"wpcf7-form-control-wrap\" data-name=\"loc-estado-terreno\"><input size=\"40\" maxlength=\"400\" class=\"wpcf7-form-control wpcf7-text wpcf7-validates-as-required\" aria-required=\"true\" aria-invalid=\"false\" placeholder=\"Ej: SP\" value=\"\" type=\"text\" name=\"loc-estado-terreno\" \/><\/span> <\/label>\n\t<\/p>\n<\/div>\n<p><label> Tama\u00f1o del terreno:<br \/>\n<span class=\"wpcf7-form-control-wrap\" data-name=\"loc-tamanho-terreno\"><input size=\"40\" maxlength=\"400\" class=\"wpcf7-form-control wpcf7-text wpcf7-validates-as-required\" aria-required=\"true\" aria-invalid=\"false\" placeholder=\"Ex: 30x50m ou 300m\u00b2\" value=\"\" type=\"text\" name=\"loc-tamanho-terreno\" \/><\/span><\/label>\n<\/p>\n<p><label>La propiedad est\u00e1 ubicada en:<\/label><span class=\"wpcf7-form-control-wrap\" data-name=\"radio-258-tipo-terreno\"><span class=\"wpcf7-form-control wpcf7-radio\"><span class=\"wpcf7-list-item first\"><label><input type=\"radio\" name=\"radio-258-tipo-terreno\" value=\"Zona Rural\" checked=\"checked\" \/><span class=\"wpcf7-list-item-label\">Zona Rural<\/span><\/label><\/span><span class=\"wpcf7-list-item last\"><label><input type=\"radio\" name=\"radio-258-tipo-terreno\" value=\"Zona Urbana\" \/><span class=\"wpcf7-list-item-label\">\u00c1rea urbana<\/span><\/label><\/span><\/span><\/span>\n<\/p>\n<p><label>Su propiedad es:<\/label><span class=\"wpcf7-form-control-wrap\" data-name=\"radio-268-tipo-imovel\"><span class=\"wpcf7-form-control wpcf7-radio\"><span class=\"wpcf7-list-item first\"><label><input type=\"radio\" name=\"radio-268-tipo-imovel\" value=\"Casa\" checked=\"checked\" \/><span class=\"wpcf7-list-item-label\">Hogar<\/span><\/label><\/span><span class=\"wpcf7-list-item\"><label><input type=\"radio\" name=\"radio-268-tipo-imovel\" value=\"Pr\u00e9dio\" \/><span class=\"wpcf7-list-item-label\">Edificio<\/span><\/label><\/span><span class=\"wpcf7-list-item last\"><label><input type=\"radio\" name=\"radio-268-tipo-imovel\" value=\"Estabelecimento Comercial\" \/><span class=\"wpcf7-list-item-label\">Establecimiento comercial<\/span><\/label><\/span><\/span><\/span>\n<\/p>\n<p><label> Informaciones adicionales:<br \/>\n<span class=\"wpcf7-form-control-wrap\" data-name=\"loc-textarea-668-terreno\"><textarea cols=\"40\" rows=\"10\" maxlength=\"2000\" class=\"wpcf7-form-control wpcf7-textarea wpcf7-validates-as-required\" aria-required=\"true\" aria-invalid=\"false\" placeholder=\"Aprovecha este espacio para a\u00f1adir la mayor cantidad de informaci\u00f3n posible sobre tu terreno\" name=\"loc-textarea-668-terreno\"><\/textarea><\/span> <\/label>\n<\/p>\n<p><input class=\"wpcf7-form-control wpcf7-submit has-spinner\" type=\"submit\" value=\"Enviar\" \/>\n<\/p><input type='hidden' class='wpcf7-pum' value='{\"closepopup\":false,\"closedelay\":0,\"openpopup\":false,\"openpopup_id\":0}' \/><div class=\"wpcf7-response-output\" aria-hidden=\"true\"><\/div>\n<input type=\"hidden\" name=\"trp-form-language\" value=\"es\"\/><\/form>\n<\/div>\n<\/div><\/div><\/div><\/div><\/div><\/div><\/div><\/div><div class=\"empty-space empty-double\" ><span class=\"empty-space-inner\"><\/span><\/div>\n<\/div><\/div><\/div><\/div><\/div><script id=\"script-row-unique-1\" data-row=\"script-row-unique-1\" type=\"text\/javascript\" class=\"vc_controls\">UNCODE.initRow(document.getElementById(\"row-unique-1\"));<\/script><\/div><\/div><\/div>\n<\/div>","protected":false},"excerpt":{"rendered":"Alugue seu terrenoAumente sua renda com o aluguel de seu terreno Investir em loca\u00e7\u00e3o de im\u00f3veis sempre foi uma op\u00e7\u00e3o [...]","protected":false},"author":1,"featured_media":0,"parent":0,"menu_order":0,"comment_status":"closed","ping_status":"closed","template":"","meta":{"footnotes":""},"class_list":["post-112057","page","type-page","status-publish","hentry"],"_links":{"self":[{"href":"https:\/\/highline.com.br\/es\/wp-json\/wp\/v2\/pages\/112057","targetHints":{"allow":["GET"]}}],"collection":[{"href":"https:\/\/highline.com.br\/es\/wp-json\/wp\/v2\/pages"}],"about":[{"href":"https:\/\/highline.com.br\/es\/wp-json\/wp\/v2\/types\/page"}],"author":[{"embeddable":true,"href":"https:\/\/highline.com.br\/es\/wp-json\/wp\/v2\/users\/1"}],"replies":[{"embeddable":true,"href":"https:\/\/highline.com.br\/es\/wp-json\/wp\/v2\/comments?post=112057"}],"version-history":[{"count":15,"href":"https:\/\/highline.com.br\/es\/wp-json\/wp\/v2\/pages\/112057\/revisions"}],"predecessor-version":[{"id":152035,"href":"https:\/\/highline.com.br\/es\/wp-json\/wp\/v2\/pages\/112057\/revisions\/152035"}],"wp:attachment":[{"href":"https:\/\/highline.com.br\/es\/wp-json\/wp\/v2\/media?parent=112057"}],"curies":[{"name":"wp","href":"https:\/\/api.w.org\/{rel}","templated":true}]}}