{"id":151811,"date":"2026-01-27T16:23:02","date_gmt":"2026-01-27T19:23:02","guid":{"rendered":"https:\/\/highline.com.br\/?page_id=151811"},"modified":"2026-01-27T16:26:23","modified_gmt":"2026-01-27T19:26:23","slug":"etica-e-conduta","status":"publish","type":"page","link":"https:\/\/highline.com.br\/es\/etica-e-conduta\/","title":{"rendered":"\u00c9tica e Conduta"},"content":{"rendered":"<div class=\"wpb-content-wrapper\"><div data-parent=\"true\" class=\"vc_row has-bg need-focus style-3C3C3B-bg row-container\" id=\"row-unique-0\"><div class=\"row-background background-element\" style=\"opacity: 1;\">\n\t\t\t\t\t\t\t\t\t\t\t<div class=\"background-wrapper\">\n\t\t\t\t\t\t\t\t\t\t\t\t<div class=\"background-inner\"><\/div>\n\t\t\t\t\t\t\t\t\t\t\t\t<div class=\"block-bg-overlay style-color-wayh-bg\" style=\"opacity: 0.35;\"><\/div>\n\t\t\t\t\t\t\t\t\t\t\t<\/div>\n\t\t\t\t\t\t\t\t\t\t<\/div><div class=\"row one-top-padding one-bottom-padding single-h-padding limit-width row-parent\" data-height-ratio=\"28\"><div class=\"wpb_row row-inner\"><div class=\"wpb_column pos-middle pos-center align_center column_parent col-lg-12 one-internal-gutter\"><div class=\"uncol style-spec style-dark\"  ><div class=\"uncoltable\"><div class=\"uncell\" ><div class=\"uncont no-block-padding col-custom-width\" style=\" max-width:1104px;\" ><div class=\"empty-space empty-single\" ><span class=\"empty-space-inner\"><\/span><\/div>\n<div class=\"vc_custom_heading_wrap\"><div class=\"heading-text el-text\" ><h1 class=\"fontsize-155944\" ><span>\u00c9tica e Conduta<\/span><\/h1><\/div><div class=\"clear\"><\/div><\/div><\/div><\/div><\/div><\/div><\/div><script id=\"script-row-unique-0\" data-row=\"script-row-unique-0\" type=\"text\/javascript\" class=\"vc_controls\">UNCODE.initRow(document.getElementById(\"row-unique-0\"));<\/script><\/div><\/div><\/div><div data-parent=\"true\" class=\"vc_row has-bg need-focus style-color-uydo-bg vc_custom_1671594317587 row-container onepage-section\" data-label=\"codigo\" data-name=\"codigo\" style=\"padding-top: -20% ;\" id=\"row-unique-1\"><div class=\"row triple-top-padding double-bottom-padding single-h-padding full-width row-parent\"><div class=\"wpb_row row-inner\"><div class=\"wpb_column pos-top pos-center align_left align_center_mobile column_parent col-lg-12 double-internal-gutter\"><div class=\"uncol style-light font-165032\"  ><div class=\"uncoltable\"><div class=\"uncell\" ><div class=\"uncont no-block-padding col-custom-width\" style=\" max-width:804px;\" ><div class=\"vc_row row-internal row-container\" style=\"z-index: 7;\"><div class=\"row unequal col-no-gutter row-child\"><div class=\"wpb_row row-inner\"><div class=\"wpb_column pos-middle pos-center align_left column_child col-lg-12 single-internal-gutter\"><div class=\"uncol style-light\" ><div class=\"uncoltable\" style=\"min-height: 340px;\"><div class=\"uncell no-block-padding\" ><div class=\"uncont\" ><div class=\"vc_custom_heading_wrap demo-heading\"><div class=\"heading-text el-text\" ><h3 class=\"h3 font-weight-500\" ><span><\/p><\/span><span><h3 style=\"text-align: center;\">En Highline, la \u00e9tica y la seguridad en el lugar de trabajo son principios fundamentales que todos los empleados y socios de nuestro negocio deben aplicar de manera constante y efectiva.<\/h3><\/span><span><p><\/span><\/h3><\/div><div class=\"clear\"><\/div><\/div><\/div><\/div><\/div><\/div><\/div><\/div><\/div><\/div><div class=\"vc_row row-internal row-container\" style=\"z-index: 7;\" id=\"codigo-anticorrupcao\"><div class=\"row unequal col-no-gutter row-child\"><div class=\"wpb_row row-inner\"><div class=\"wpb_column pos-top pos-center align_left column_child col-lg-4 single-internal-gutter\"><div class=\"uncol style-light\" ><div class=\"uncoltable\" style=\"min-height: 340px;\"><div class=\"uncell  vc_custom_1675453971215 border-3C3C3B-color single-block-padding style-color-xsdn-bg\" style=\"border-style: solid;border-right-width: 1px ;\" ><div class=\"uncont\" ><div class=\"vc_custom_heading_wrap demo-heading\"><div class=\"heading-text el-text\" ><h3 class=\"h3 fontheight-357766 fontspace-781688 translation-block\" >C\u00f3digo de \u00c9tica\ny Conducta<\/h3><\/div><div class=\"clear\"><\/div><\/div><span class=\"btn-container\" ><a role=\"button\"  href=\"http:\/\/highline.com.br\/wp-content\/uploads\/2022\/11\/highline-code_conduct.pdf\" class=\"custom-link btn border-width-0 btn-default btn-circle btn-icon-left\" target=\"_blank\">Descargar Documento<\/a><\/span><div class=\"empty-space empty-double\" ><span class=\"empty-space-inner\"><\/span><\/div>\n<\/div><\/div><\/div><\/div><\/div><div class=\"wpb_column pos-top pos-center align_left column_child col-lg-4 single-internal-gutter\"><div class=\"uncol style-light\" ><div class=\"uncoltable\"><div class=\"uncell  vc_custom_1675454020380 border-color-jevc-color single-block-padding style-color-xsdn-bg\" style=\"border-style: solid;border-right-width: 1px ;\" ><div class=\"uncont\" ><div class=\"vc_custom_heading_wrap demo-heading\"><div class=\"heading-text el-text\" ><h3 class=\"h3 fontheight-357766 fontspace-781688\" ><span>Pol\u00edtica<br \/><\/span><span>Anticorrup\u00e7\u00e3o<\/span><\/h3><\/div><div class=\"clear\"><\/div><\/div><span class=\"btn-container\" ><a role=\"button\"  href=\"http:\/\/highline.com.br\/wp-content\/uploads\/2022\/11\/highline-anticorruption_policy.pdf\" class=\"custom-link btn border-width-0 btn-default btn-circle btn-icon-left\" target=\"_blank\">Descargar Documento<\/a><\/span><div class=\"empty-space empty-double\" ><span class=\"empty-space-inner\"><\/span><\/div>\n<\/div><\/div><\/div><\/div><\/div><div class=\"wpb_column pos-top pos-center align_left column_child col-lg-4 single-internal-gutter\"><div class=\"uncol style-light\" ><div class=\"uncoltable\"><div class=\"uncell single-block-padding style-color-xsdn-bg\" ><div class=\"uncont\" ><div class=\"vc_custom_heading_wrap demo-heading\"><div class=\"heading-text el-text\" ><h3 class=\"h3 fontheight-357766 fontspace-781688 translation-block\" >Canal <br>\nde \u00c9tica<\/h3><\/div><div class=\"clear\"><\/div><\/div><span class=\"btn-container\" ><a role=\"button\"  href=\"https:\/\/www.contatoseguro.com.br\/highline\" class=\"custom-link btn border-width-0 btn-default btn-circle btn-icon-left\" target=\"_blank\">Canal de acceso<\/a><\/span><div class=\"empty-space empty-double\" ><span class=\"empty-space-inner\"><\/span><\/div>\n<\/div><\/div><\/div><\/div><\/div><\/div><\/div><\/div><div class=\"empty-space empty-double\" ><span class=\"empty-space-inner\"><\/span><\/div>\n<div class=\"empty-space empty-double\" ><span class=\"empty-space-inner\"><\/span><\/div>\n<\/div><\/div><\/div><\/div><\/div><script id=\"script-row-unique-1\" data-row=\"script-row-unique-1\" type=\"text\/javascript\" class=\"vc_controls\">UNCODE.initRow(document.getElementById(\"row-unique-1\"));<\/script><\/div><\/div><\/div>\n<\/div>","protected":false},"excerpt":{"rendered":"\u00c9tica e CondutaNa Highline, a \u00e9tica e a seguran\u00e7a no ambiente de trabalho s\u00e3o princ\u00edpios fundamentais, que devem ser constantemente [...]","protected":false},"author":6,"featured_media":0,"parent":0,"menu_order":0,"comment_status":"closed","ping_status":"closed","template":"","meta":{"footnotes":""},"class_list":["post-151811","page","type-page","status-publish","hentry"],"_links":{"self":[{"href":"https:\/\/highline.com.br\/es\/wp-json\/wp\/v2\/pages\/151811","targetHints":{"allow":["GET"]}}],"collection":[{"href":"https:\/\/highline.com.br\/es\/wp-json\/wp\/v2\/pages"}],"about":[{"href":"https:\/\/highline.com.br\/es\/wp-json\/wp\/v2\/types\/page"}],"author":[{"embeddable":true,"href":"https:\/\/highline.com.br\/es\/wp-json\/wp\/v2\/users\/6"}],"replies":[{"embeddable":true,"href":"https:\/\/highline.com.br\/es\/wp-json\/wp\/v2\/comments?post=151811"}],"version-history":[{"count":4,"href":"https:\/\/highline.com.br\/es\/wp-json\/wp\/v2\/pages\/151811\/revisions"}],"predecessor-version":[{"id":151816,"href":"https:\/\/highline.com.br\/es\/wp-json\/wp\/v2\/pages\/151811\/revisions\/151816"}],"wp:attachment":[{"href":"https:\/\/highline.com.br\/es\/wp-json\/wp\/v2\/media?parent=151811"}],"curies":[{"name":"wp","href":"https:\/\/api.w.org\/{rel}","templated":true}]}}